{"id":5735,"date":"2018-07-04T05:19:04","date_gmt":"2018-07-04T08:19:04","guid":{"rendered":"https:\/\/catchthemes.com\/demo\/solid-construction-classic\/?page_id=5735"},"modified":"2023-06-24T15:45:57","modified_gmt":"2023-06-24T18:45:57","slug":"experiencia-certificada","status":"publish","type":"page","link":"https:\/\/friovel.com\/","title":{"rendered":"Experi\u00eancia certificada &#8211; erro"},"content":{"rendered":"\n<h4 class=\"wp-block-heading\">A melhor empresa do setor em Bauru por dois anos consecutivos. Equipe formada por instrutores do Senai e diretor T\u00e9cnico \u00e9 membro do Sindirepa SP.                           <\/h4>\n\n\n\n<ul class=\"wp-block-list\">\n<li><strong>Experi\u00eancia Certificada:<\/strong> Com uma trajet\u00f3ria de 42 anos no ramo de ar condicionado automotivo, a FRIOVEL possui uma ampla experi\u00eancia e conhecimento do mercado. Nossa expertise nos permite oferecer servi\u00e7os de alta qualidade e solu\u00e7\u00f5es personalizadas para as necessidades dos nossos clientes.<br><\/li>\n\n\n\n<li><strong>Reconhecimento no Mercado:<\/strong> Pelo segundo ano consecutivo, fomos destacados como a melhor empresa de ar-condicionado automotivo de Bauru. Esse reconhecimento refor\u00e7a o nosso compromisso com a excel\u00eancia e a satisfa\u00e7\u00e3o dos nossos clientes. Nossa reputa\u00e7\u00e3o \u00e9 constru\u00edda com base na confian\u00e7a e no respeito que temos pelo nosso trabalho.<br><\/li>\n\n\n\n<li><strong>Certifica\u00e7\u00f5es e Parcerias:<\/strong> Durante 5 anos, fomos instrutores oficiais do Senai, o que comprova a nossa expertise e a capacita\u00e7\u00e3o t\u00e9cnica dos nossos profissionais. Al\u00e9m disso, nosso diretor t\u00e9cnico \u00e9 membro do Sindirepa SP (Sindicato da Ind\u00fastria de Repara\u00e7\u00e3o de Ve\u00edculos e Acess\u00f3rios do Estado), o que demonstra o nosso compromisso com as melhores pr\u00e1ticas do setor.<br><\/li>\n\n\n\n<li><strong>Comprometimento com a Qualidade:<\/strong> Na FRIOVEL, a qualidade \u00e9 uma prioridade em tudo o que fazemos. Desde a sele\u00e7\u00e3o criteriosa das pe\u00e7as e componentes que utilizamos at\u00e9 a execu\u00e7\u00e3o dos servi\u00e7os, garantimos a m\u00e1xima qualidade e durabilidade. Nosso objetivo \u00e9 superar as expectativas dos nossos clientes, proporcionando um atendimento personalizado e solu\u00e7\u00f5es eficientes.<\/li>\n<\/ul>\n\n\n\n<figure class=\"wp-block-pullquote\"><blockquote><p>Garantimos excel\u00eancia em cada servi\u00e7o prestado, priorizando a qualidade e durabilidade.\u00a0 Confie na FRIOVEL como a sua escolha certa em ar condicionado automotivo. Estamos prontos para atend\u00ea-lo com excel\u00eancia e garantir o conforto e a satisfa\u00e7\u00e3o durante todas as suas viagens.<\/p><cite>equipe friovel<\/cite><\/blockquote><\/figure>\n","protected":false},"excerpt":{"rendered":"<p>A melhor empresa do setor em Bauru por dois anos consecutivos. Equipe formada por instrutores do Senai e diretor T\u00e9cnico \u00e9 membro do Sindirepa SP.<span class=\"more-button\"><a href=\"https:\/\/friovel.com\/\" class=\"more-link\">Continue Lendo<span class=\"screen-reader-text\">Experi\u00eancia certificada &#8211; erro<\/span><\/a><\/span><\/p>\n","protected":false},"author":1,"featured_media":5931,"parent":0,"menu_order":0,"comment_status":"closed","ping_status":"closed","template":"","meta":{"_themeisle_gutenberg_block_has_review":false,"footnotes":""},"class_list":["post-5735","page","type-page","status-publish","has-post-thumbnail","hentry"],"_links":{"self":[{"href":"https:\/\/friovel.com\/index.php\/wp-json\/wp\/v2\/pages\/5735","targetHints":{"allow":["GET"]}}],"collection":[{"href":"https:\/\/friovel.com\/index.php\/wp-json\/wp\/v2\/pages"}],"about":[{"href":"https:\/\/friovel.com\/index.php\/wp-json\/wp\/v2\/types\/page"}],"author":[{"embeddable":true,"href":"https:\/\/friovel.com\/index.php\/wp-json\/wp\/v2\/users\/1"}],"replies":[{"embeddable":true,"href":"https:\/\/friovel.com\/index.php\/wp-json\/wp\/v2\/comments?post=5735"}],"version-history":[{"count":7,"href":"https:\/\/friovel.com\/index.php\/wp-json\/wp\/v2\/pages\/5735\/revisions"}],"predecessor-version":[{"id":5965,"href":"https:\/\/friovel.com\/index.php\/wp-json\/wp\/v2\/pages\/5735\/revisions\/5965"}],"wp:featuredmedia":[{"embeddable":true,"href":"https:\/\/friovel.com\/index.php\/wp-json\/wp\/v2\/media\/5931"}],"wp:attachment":[{"href":"https:\/\/friovel.com\/index.php\/wp-json\/wp\/v2\/media?parent=5735"}],"curies":[{"name":"wp","href":"https:\/\/api.w.org\/{rel}","templated":true}]}}