{"id":6246,"date":"2023-07-09T11:14:12","date_gmt":"2023-07-09T14:14:12","guid":{"rendered":"https:\/\/friovel.com\/?page_id=6246"},"modified":"2023-07-09T11:14:12","modified_gmt":"2023-07-09T14:14:12","slug":"unidades-moveis","status":"publish","type":"page","link":"https:\/\/friovel.com\/index.php\/lojas\/unidades-moveis\/","title":{"rendered":"Unidades M\u00f3veis"},"content":{"rendered":"\n<figure class=\"wp-block-image size-full\"><img loading=\"lazy\" decoding=\"async\" width=\"1024\" height=\"580\" src=\"https:\/\/friovel.com\/wp-content\/uploads\/2023\/07\/unidades-moveis.png\" alt=\"\" class=\"wp-image-6247\" srcset=\"https:\/\/friovel.com\/wp-content\/uploads\/2023\/07\/unidades-moveis.png 1024w, https:\/\/friovel.com\/wp-content\/uploads\/2023\/07\/unidades-moveis-300x170.png 300w, https:\/\/friovel.com\/wp-content\/uploads\/2023\/07\/unidades-moveis-768x435.png 768w\" sizes=\"auto, (max-width: 1024px) 100vw, 1024px\" \/><\/figure>\n\n\n\n<h3 class=\"wp-block-heading\">Unidades M\u00f3veis de Atendimento para sua Frota<\/h3>\n\n\n\n<p>Na FRIOVEL, buscamos constantemente maneiras de oferecer o melhor atendimento aos nossos clientes. Pensando nisso, disponibilizamos unidades m\u00f3veis de atendimento, levando toda a qualidade e expertise da nossa empresa at\u00e9 sua frota.<\/p>\n\n\n\n<p>Nossas unidades m\u00f3veis s\u00e3o equipadas com tecnologia de ponta e contam com uma equipe especializada pronta para realizar servi\u00e7os de instala\u00e7\u00e3o, manuten\u00e7\u00e3o, higieniza\u00e7\u00e3o e troca de componentes do sistema de ar condicionado automotivo. Com essa praticidade, voc\u00ea n\u00e3o precisa se preocupar em levar seu ve\u00edculo at\u00e9 uma oficina, n\u00f3s vamos at\u00e9 sua base!<\/p>\n\n\n\n<p>Al\u00e9m da conveni\u00eancia, nossas unidades m\u00f3veis garantem agilidade no atendimento, permitindo que voc\u00ea tenha o seu ar condicionado automotivo em perfeito funcionamento de maneira r\u00e1pida e eficiente. Nossa equipe est\u00e1 preparada para lidar com diferentes modelos e marcas de ve\u00edculos, proporcionando solu\u00e7\u00f5es personalizadas de acordo com suas necessidades.<\/p>\n\n\n\n<p>Ao optar por nossas unidades m\u00f3veis de atendimento, voc\u00ea desfruta de todas as vantagens que a FRIOVEL oferece, como a experi\u00eancia certificada de mais de 40 anos no ramo de ar condicionado automotivo, instrutores oficiais do Senai e nossa filia\u00e7\u00e3o ao Sindirepa SP, garantindo um servi\u00e7o de qualidade e confian\u00e7a.<\/p>\n\n\n\n<p>Agende agora mesmo uma visita da nossa unidade m\u00f3vel e experimente a comodidade de ter o seu ar condicionado automotivo cuidado por uma equipe especializada, no local de sua prefer\u00eancia. Conte com a FRIOVEL para garantir o conforto e bem-estar durante todas as suas viagens.<\/p>\n","protected":false},"excerpt":{"rendered":"<p>Unidades M\u00f3veis de Atendimento para sua Frota Na FRIOVEL, buscamos constantemente maneiras de oferecer o melhor atendimento aos nossos clientes. Pensando nisso, disponibilizamos unidades m\u00f3veis<span class=\"more-button\"><a href=\"https:\/\/friovel.com\/index.php\/lojas\/unidades-moveis\/\" class=\"more-link\">Continue Lendo<span class=\"screen-reader-text\">Unidades M\u00f3veis<\/span><\/a><\/span><\/p>\n","protected":false},"author":1,"featured_media":0,"parent":6028,"menu_order":0,"comment_status":"closed","ping_status":"closed","template":"","meta":{"_themeisle_gutenberg_block_has_review":false,"footnotes":""},"class_list":["post-6246","page","type-page","status-publish","hentry"],"_links":{"self":[{"href":"https:\/\/friovel.com\/index.php\/wp-json\/wp\/v2\/pages\/6246","targetHints":{"allow":["GET"]}}],"collection":[{"href":"https:\/\/friovel.com\/index.php\/wp-json\/wp\/v2\/pages"}],"about":[{"href":"https:\/\/friovel.com\/index.php\/wp-json\/wp\/v2\/types\/page"}],"author":[{"embeddable":true,"href":"https:\/\/friovel.com\/index.php\/wp-json\/wp\/v2\/users\/1"}],"replies":[{"embeddable":true,"href":"https:\/\/friovel.com\/index.php\/wp-json\/wp\/v2\/comments?post=6246"}],"version-history":[{"count":1,"href":"https:\/\/friovel.com\/index.php\/wp-json\/wp\/v2\/pages\/6246\/revisions"}],"predecessor-version":[{"id":6248,"href":"https:\/\/friovel.com\/index.php\/wp-json\/wp\/v2\/pages\/6246\/revisions\/6248"}],"up":[{"embeddable":true,"href":"https:\/\/friovel.com\/index.php\/wp-json\/wp\/v2\/pages\/6028"}],"wp:attachment":[{"href":"https:\/\/friovel.com\/index.php\/wp-json\/wp\/v2\/media?parent=6246"}],"curies":[{"name":"wp","href":"https:\/\/api.w.org\/{rel}","templated":true}]}}